{"id":450,"date":"2014-10-04T14:05:33","date_gmt":"2014-10-04T14:05:33","guid":{"rendered":"http:\/\/mental-wp.azelab.com\/?page_id=450"},"modified":"2024-10-15T20:08:46","modified_gmt":"2024-10-15T20:08:46","slug":"home","status":"publish","type":"page","link":"https:\/\/pavagealibi.com\/?page_id=450&lang=en","title":{"rendered":"Home"},"content":{"rendered":"<div class=\"wpb-content-wrapper\"><p>[vc_row][vc_column][rev_slider_vc alias=&#8221;slider-4&#8243;][\/vc_column][\/vc_row][vc_row css=&#8221;.vc_custom_1728928303594{padding-top: 0px !important;background-color: #ffffff !important;}&#8221;][vc_column]\r\n\t\r\n\t<div class=\"section \" id=\"testimonials\"\t\tstyle=\"\r\n\t\t\tpadding-top: 0px;\t\t\t\t\t\tbackground-color: #ffffff;\t\t\t\t\t\t\t\t\t\"\r\n\t\t\t\t\t>\r\n\r\n\t\r\n\t<section>\r\n\r\n\t\t\t<div class=\"section-title\">\r\n\t\t\t<h2>Testimonials<\/h2>\r\n\r\n\t\t\t<p class=\"section-descr\">\r\n\t\t\t\t\t\t\t<\/p>\r\n\t\t<\/div>\r\n\t\r\n\t\r\n\t<div class=\"container\">\t\r\n\t<div id=\"carousel-testimonials-84\" class=\"carousel-testimonials carousel slide\"\r\n\t     data-ride=\"carousel\">\r\n\r\n\t\t<!-- Wrapper for slides -->\r\n\t\t<div class=\"carousel-inner text-center testimonials\">\r\n\r\n\t\t\t\r\n\t\t\t\t\t\r\n\t\t\t\t\t<div class=\"item active testimonial\">\r\n\t\t\t\t\t\t<p class=\"citation\"><!-- wp:paragraph -->\n<p><em>\u00ab Nous avons engag\u00e9 Pavage Alibi pour refaire notre cour arri\u00e8re avec un patio en pav\u00e9 uni et l'installation de gazon, et nous ne pourrions pas \u00eatre plus satisfaits des r\u00e9sultats. L'\u00e9quipe a \u00e9t\u00e9 professionnelle, amicale et extr\u00eamement comp\u00e9tente. Ils ont transform\u00e9 notre espace ext\u00e9rieur en l'endroit id\u00e9al pour des rassemblements familiaux. Nous recommandons vivement Pavage Alibi pour tous travaux d'am\u00e9nagement paysager ! \u00bb<\/em><br>\u2014 <strong>Maria L.<\/strong><\/p>\n<!-- \/wp:paragraph --><\/p>\r\n\t\t\t\t\t\t\t\t\t\t\t<\/div>\r\n\r\n\t\t\t\t\t\r\n\t\t\t\t\t\r\n\t\t\t\t\t<div class=\"item  testimonial\">\r\n\t\t\t\t\t\t<p class=\"citation\"><!-- wp:paragraph -->\n<p><em>\"We hired Pavage Alibi to redo our backyard with a unistone patio and grass installation, and we couldn\u2019t be happier with the results. The team was professional, friendly, and extremely knowledgeable. They transformed our outdoor space into the perfect place for family gatherings. We highly recommend Pavage Alibi for any landscaping work!\"<\/em><br>\u2014 <strong>Maria L.<\/strong><\/p>\n<!-- \/wp:paragraph --><\/p>\r\n\t\t\t\t\t\t\t\t\t\t\t<\/div>\r\n\r\n\t\t\t\t\t\t\t\t\r\n\t\t<\/div>\r\n\r\n\t\t<!-- Indicators -->\r\n\t\t<ol class=\"carousel-indicators\">\r\n\t\t\t\t\t\t\t<li data-target=\"#carousel-testimonials-84\" data-slide-to=\"0\" class=\"active\"><\/li>\r\n\t\t\t\t\t\t\t<li data-target=\"#carousel-testimonials-84\" data-slide-to=\"1\" class=\"\"><\/li>\r\n\t\t\t\t\t<\/ol>\r\n\r\n\t\t<!-- Controls -->\r\n\t\t<a class=\"left carousel-control\" href=\"#carousel-testimonials-84\" data-slide=\"prev\">\r\n\t\t\t<span><\/span>\r\n\t\t<\/a>\r\n\t\t<a class=\"right carousel-control\" href=\"#carousel-testimonials-84\" data-slide=\"next\">\r\n\t\t\t<span><\/span>\r\n\t\t<\/a>\r\n\r\n\t<\/div> <!-- carousel -->\r\n\r\n\t\t<\/div> <!-- container -->\r\n\t\r\n\t\t<\/section>\r\n\t<\/div> <!-- section -->\r\n\r\n\t\r\n\t[\/vc_column][\/vc_row]<\/p>\n<\/div>","protected":false},"excerpt":{"rendered":"<p>[vc_row][vc_column][rev_slider_vc alias=&#8221;slider-4&#8243;][\/vc_column][\/vc_row][vc_row css=&#8221;.vc_custom_1728928303594{padding-top: 0px !important;background-color: #ffffff !important;}&#8221;][vc_column][\/vc_column][\/vc_row]<\/p>\n","protected":false},"author":1,"featured_media":0,"parent":0,"menu_order":0,"comment_status":"open","ping_status":"open","template":"page-full.php","meta":{"footnotes":""},"class_list":["post-450","page","type-page","status-publish","hentry"],"yoast_head":"<!-- This site is optimized with the Yoast SEO plugin v27.4 - https:\/\/yoast.com\/product\/yoast-seo-wordpress\/ -->\n<title>Home - Welcome to Pavage Alibi website!<\/title>\n<meta name=\"robots\" content=\"index, follow, max-snippet:-1, max-image-preview:large, max-video-preview:-1\" \/>\n<link rel=\"canonical\" href=\"https:\/\/pavagealibi.com\/?page_id=450&lang=en\" \/>\n<meta property=\"og:locale\" content=\"en_US\" \/>\n<meta property=\"og:type\" content=\"article\" \/>\n<meta property=\"og:title\" content=\"Home - Welcome to Pavage Alibi website!\" \/>\n<meta property=\"og:description\" content=\"[vc_row][vc_column][rev_slider_vc alias=&#8221;slider-4&#8243;][\/vc_column][\/vc_row][vc_row css=&#8221;.vc_custom_1728928303594{padding-top: 0px !important;background-color: #ffffff !important;}&#8221;][vc_column][\/vc_column][\/vc_row]\" \/>\n<meta property=\"og:url\" content=\"https:\/\/pavagealibi.com\/?page_id=450&amp;lang=en\" \/>\n<meta property=\"og:site_name\" content=\"Welcome to Pavage Alibi website!\" \/>\n<meta property=\"article:modified_time\" content=\"2024-10-15T20:08:46+00:00\" \/>\n<meta name=\"twitter:card\" content=\"summary_large_image\" \/>\n<meta name=\"twitter:label1\" content=\"Est. reading time\" \/>\n\t<meta name=\"twitter:data1\" content=\"1 minute\" \/>\n<script type=\"application\/ld+json\" class=\"yoast-schema-graph\">{\"@context\":\"https:\\\/\\\/schema.org\",\"@graph\":[{\"@type\":\"WebPage\",\"@id\":\"https:\\\/\\\/pavagealibi.com\\\/?page_id=450&lang=en\",\"url\":\"https:\\\/\\\/pavagealibi.com\\\/?page_id=450&lang=en\",\"name\":\"Home - Welcome to Pavage Alibi website!\",\"isPartOf\":{\"@id\":\"https:\\\/\\\/pavagealibi.com\\\/#website\"},\"datePublished\":\"2014-10-04T14:05:33+00:00\",\"dateModified\":\"2024-10-15T20:08:46+00:00\",\"breadcrumb\":{\"@id\":\"https:\\\/\\\/pavagealibi.com\\\/?page_id=450&lang=en#breadcrumb\"},\"inLanguage\":\"en-CA\",\"potentialAction\":[{\"@type\":\"ReadAction\",\"target\":[\"https:\\\/\\\/pavagealibi.com\\\/?page_id=450&lang=en\"]}]},{\"@type\":\"BreadcrumbList\",\"@id\":\"https:\\\/\\\/pavagealibi.com\\\/?page_id=450&lang=en#breadcrumb\",\"itemListElement\":[{\"@type\":\"ListItem\",\"position\":1,\"name\":\"Home\",\"item\":\"https:\\\/\\\/pavagealibi.com\\\/?page_id=450&lang=en\"},{\"@type\":\"ListItem\",\"position\":2,\"name\":\"Home\"}]},{\"@type\":\"WebSite\",\"@id\":\"https:\\\/\\\/pavagealibi.com\\\/#website\",\"url\":\"https:\\\/\\\/pavagealibi.com\\\/\",\"name\":\"Welcome to Pavage Alibi website!\",\"description\":\"Walls, unistones, landscaping, cement repair and grass installation.\",\"potentialAction\":[{\"@type\":\"SearchAction\",\"target\":{\"@type\":\"EntryPoint\",\"urlTemplate\":\"https:\\\/\\\/pavagealibi.com\\\/?s={search_term_string}\"},\"query-input\":{\"@type\":\"PropertyValueSpecification\",\"valueRequired\":true,\"valueName\":\"search_term_string\"}}],\"inLanguage\":\"en-CA\"}]}<\/script>\n<!-- \/ Yoast SEO plugin. -->","yoast_head_json":{"title":"Home - Welcome to Pavage Alibi website!","robots":{"index":"index","follow":"follow","max-snippet":"max-snippet:-1","max-image-preview":"max-image-preview:large","max-video-preview":"max-video-preview:-1"},"canonical":"https:\/\/pavagealibi.com\/?page_id=450&lang=en","og_locale":"en_US","og_type":"article","og_title":"Home - Welcome to Pavage Alibi website!","og_description":"[vc_row][vc_column][rev_slider_vc alias=&#8221;slider-4&#8243;][\/vc_column][\/vc_row][vc_row css=&#8221;.vc_custom_1728928303594{padding-top: 0px !important;background-color: #ffffff !important;}&#8221;][vc_column][\/vc_column][\/vc_row]","og_url":"https:\/\/pavagealibi.com\/?page_id=450&lang=en","og_site_name":"Welcome to Pavage Alibi website!","article_modified_time":"2024-10-15T20:08:46+00:00","twitter_card":"summary_large_image","twitter_misc":{"Est. reading time":"1 minute"},"schema":{"@context":"https:\/\/schema.org","@graph":[{"@type":"WebPage","@id":"https:\/\/pavagealibi.com\/?page_id=450&lang=en","url":"https:\/\/pavagealibi.com\/?page_id=450&lang=en","name":"Home - Welcome to Pavage Alibi website!","isPartOf":{"@id":"https:\/\/pavagealibi.com\/#website"},"datePublished":"2014-10-04T14:05:33+00:00","dateModified":"2024-10-15T20:08:46+00:00","breadcrumb":{"@id":"https:\/\/pavagealibi.com\/?page_id=450&lang=en#breadcrumb"},"inLanguage":"en-CA","potentialAction":[{"@type":"ReadAction","target":["https:\/\/pavagealibi.com\/?page_id=450&lang=en"]}]},{"@type":"BreadcrumbList","@id":"https:\/\/pavagealibi.com\/?page_id=450&lang=en#breadcrumb","itemListElement":[{"@type":"ListItem","position":1,"name":"Home","item":"https:\/\/pavagealibi.com\/?page_id=450&lang=en"},{"@type":"ListItem","position":2,"name":"Home"}]},{"@type":"WebSite","@id":"https:\/\/pavagealibi.com\/#website","url":"https:\/\/pavagealibi.com\/","name":"Welcome to Pavage Alibi website!","description":"Walls, unistones, landscaping, cement repair and grass installation.","potentialAction":[{"@type":"SearchAction","target":{"@type":"EntryPoint","urlTemplate":"https:\/\/pavagealibi.com\/?s={search_term_string}"},"query-input":{"@type":"PropertyValueSpecification","valueRequired":true,"valueName":"search_term_string"}}],"inLanguage":"en-CA"}]}},"_links":{"self":[{"href":"https:\/\/pavagealibi.com\/index.php?rest_route=\/wp\/v2\/pages\/450","targetHints":{"allow":["GET"]}}],"collection":[{"href":"https:\/\/pavagealibi.com\/index.php?rest_route=\/wp\/v2\/pages"}],"about":[{"href":"https:\/\/pavagealibi.com\/index.php?rest_route=\/wp\/v2\/types\/page"}],"author":[{"embeddable":true,"href":"https:\/\/pavagealibi.com\/index.php?rest_route=\/wp\/v2\/users\/1"}],"replies":[{"embeddable":true,"href":"https:\/\/pavagealibi.com\/index.php?rest_route=%2Fwp%2Fv2%2Fcomments&post=450"}],"version-history":[{"count":6,"href":"https:\/\/pavagealibi.com\/index.php?rest_route=\/wp\/v2\/pages\/450\/revisions"}],"predecessor-version":[{"id":2255,"href":"https:\/\/pavagealibi.com\/index.php?rest_route=\/wp\/v2\/pages\/450\/revisions\/2255"}],"wp:attachment":[{"href":"https:\/\/pavagealibi.com\/index.php?rest_route=%2Fwp%2Fv2%2Fmedia&parent=450"}],"curies":[{"name":"wp","href":"https:\/\/api.w.org\/{rel}","templated":true}]}}